{"id":14,"date":"2020-09-13T05:40:26","date_gmt":"2020-09-13T05:40:26","guid":{"rendered":"https:\/\/www.leskinen.net\/nordicgun_dahs4U\/?page_id=14"},"modified":"2022-01-26T21:32:05","modified_gmt":"2022-01-26T19:32:05","slug":"asesepan-palvelut","status":"publish","type":"page","link":"https:\/\/nordicgun.fi\/de\/buchsenmacher-dienstleistungen\/","title":{"rendered":"B\u00fcchsenmacher-Dienstleistungen"},"content":{"rendered":"<h3 class=\"has-text-align-center wp-block-heading\">Wartung an den Jagdwaffen<\/h3>\n\n\n\n<h3 class=\"has-text-align-center wp-block-heading\">Wartung an den Sportwaffen<\/h3>\n\n\n\n<h3 class=\"has-text-align-center wp-block-heading\">Reparatur und Restaurierung an den Waffen<\/h3>\n\n\n\n<h3 class=\"has-text-align-center wp-block-heading\">Montierung des Waffenzubeh\u00f6res und \u00c4nderungsarbeiten an den Waffen<\/h3>\n\n\n\n<h3 class=\"has-text-align-center wp-block-heading\">Fertigung der Jagdgewehre<\/h3>\n\n\n\n<figure class=\"wp-block-gallery columns-3 is-cropped wp-block-gallery-1 is-layout-flex wp-block-gallery-is-layout-flex\"><ul class=\"blocks-gallery-grid\"><li class=\"blocks-gallery-item\"><figure><a href=\"https:\/\/leskinen.net\/nordicgun_dahs4U\/wp-content\/uploads\/2020\/11\/palvelut3.jpg\"><img loading=\"lazy\" decoding=\"async\" width=\"640\" height=\"480\" src=\"https:\/\/leskinen.net\/nordicgun_dahs4U\/wp-content\/uploads\/2020\/11\/palvelut3.jpg\" alt=\"\" data-id=\"480\" data-full-url=\"https:\/\/leskinen.net\/nordicgun_dahs4U\/wp-content\/uploads\/2020\/11\/palvelut3.jpg\" data-link=\"https:\/\/leskinen.net\/nordicgun_dahs4U\/asesepan-palvelut\/attachment\/olympus-digital-camera-6\/\" class=\"wp-image-480\" srcset=\"https:\/\/nordicgun.fi\/wp-content\/uploads\/2020\/11\/palvelut3.jpg 640w, https:\/\/nordicgun.fi\/wp-content\/uploads\/2020\/11\/palvelut3-16x12.jpg 16w, https:\/\/nordicgun.fi\/wp-content\/uploads\/2020\/11\/palvelut3-256x192.jpg 256w, https:\/\/nordicgun.fi\/wp-content\/uploads\/2020\/11\/palvelut3-378x284.jpg 378w\" sizes=\"auto, (max-width: 640px) 100vw, 640px\" \/><\/a><\/figure><\/li><li class=\"blocks-gallery-item\"><figure><a href=\"https:\/\/leskinen.net\/nordicgun_dahs4U\/wp-content\/uploads\/2020\/11\/palvelut1.jpg\"><img loading=\"lazy\" decoding=\"async\" width=\"640\" height=\"480\" src=\"https:\/\/leskinen.net\/nordicgun_dahs4U\/wp-content\/uploads\/2020\/11\/palvelut1.jpg\" alt=\"\" data-id=\"478\" data-full-url=\"https:\/\/leskinen.net\/nordicgun_dahs4U\/wp-content\/uploads\/2020\/11\/palvelut1.jpg\" data-link=\"https:\/\/leskinen.net\/nordicgun_dahs4U\/asesepan-palvelut\/attachment\/olympus-digital-camera\/\" class=\"wp-image-478\" srcset=\"https:\/\/nordicgun.fi\/wp-content\/uploads\/2020\/11\/palvelut1.jpg 640w, https:\/\/nordicgun.fi\/wp-content\/uploads\/2020\/11\/palvelut1-16x12.jpg 16w, https:\/\/nordicgun.fi\/wp-content\/uploads\/2020\/11\/palvelut1-256x192.jpg 256w, https:\/\/nordicgun.fi\/wp-content\/uploads\/2020\/11\/palvelut1-378x284.jpg 378w\" sizes=\"auto, (max-width: 640px) 100vw, 640px\" \/><\/a><\/figure><\/li><li class=\"blocks-gallery-item\"><figure><a href=\"https:\/\/leskinen.net\/nordicgun_dahs4U\/wp-content\/uploads\/2020\/11\/palvelut5.jpg\"><img loading=\"lazy\" decoding=\"async\" width=\"640\" height=\"480\" src=\"https:\/\/leskinen.net\/nordicgun_dahs4U\/wp-content\/uploads\/2020\/11\/palvelut5.jpg\" alt=\"\" data-id=\"482\" data-full-url=\"https:\/\/leskinen.net\/nordicgun_dahs4U\/wp-content\/uploads\/2020\/11\/palvelut5.jpg\" data-link=\"https:\/\/leskinen.net\/nordicgun_dahs4U\/asesepan-palvelut\/attachment\/olympus-digital-camera-8\/\" class=\"wp-image-482\" srcset=\"https:\/\/nordicgun.fi\/wp-content\/uploads\/2020\/11\/palvelut5.jpg 640w, https:\/\/nordicgun.fi\/wp-content\/uploads\/2020\/11\/palvelut5-16x12.jpg 16w, https:\/\/nordicgun.fi\/wp-content\/uploads\/2020\/11\/palvelut5-256x192.jpg 256w, https:\/\/nordicgun.fi\/wp-content\/uploads\/2020\/11\/palvelut5-378x284.jpg 378w\" sizes=\"auto, (max-width: 640px) 100vw, 640px\" \/><\/a><\/figure><\/li><\/ul><\/figure>\n\n\n\n<figure class=\"wp-block-gallery columns-2 is-cropped wp-block-gallery-2 is-layout-flex wp-block-gallery-is-layout-flex\"><ul class=\"blocks-gallery-grid\"><li class=\"blocks-gallery-item\"><figure><a href=\"https:\/\/leskinen.net\/nordicgun_dahs4U\/wp-content\/uploads\/2020\/11\/palvelut4-1.jpg\"><img loading=\"lazy\" decoding=\"async\" width=\"640\" height=\"480\" src=\"https:\/\/leskinen.net\/nordicgun_dahs4U\/wp-content\/uploads\/2020\/11\/palvelut4-1.jpg\" alt=\"\" data-id=\"484\" data-full-url=\"https:\/\/leskinen.net\/nordicgun_dahs4U\/wp-content\/uploads\/2020\/11\/palvelut4-1.jpg\" data-link=\"https:\/\/leskinen.net\/nordicgun_dahs4U\/asesepan-palvelut\/attachment\/olympus-digital-camera-9\/\" class=\"wp-image-484\" srcset=\"https:\/\/nordicgun.fi\/wp-content\/uploads\/2020\/11\/palvelut4-1.jpg 640w, https:\/\/nordicgun.fi\/wp-content\/uploads\/2020\/11\/palvelut4-1-16x12.jpg 16w, https:\/\/nordicgun.fi\/wp-content\/uploads\/2020\/11\/palvelut4-1-256x192.jpg 256w, https:\/\/nordicgun.fi\/wp-content\/uploads\/2020\/11\/palvelut4-1-378x284.jpg 378w\" sizes=\"auto, (max-width: 640px) 100vw, 640px\" \/><\/a><\/figure><\/li><li class=\"blocks-gallery-item\"><figure><a href=\"https:\/\/leskinen.net\/nordicgun_dahs4U\/wp-content\/uploads\/2020\/11\/palvelut7.jpg\"><img loading=\"lazy\" decoding=\"async\" width=\"640\" height=\"480\" src=\"https:\/\/leskinen.net\/nordicgun_dahs4U\/wp-content\/uploads\/2020\/11\/palvelut7.jpg\" alt=\"\" data-id=\"486\" data-full-url=\"https:\/\/leskinen.net\/nordicgun_dahs4U\/wp-content\/uploads\/2020\/11\/palvelut7.jpg\" data-link=\"https:\/\/leskinen.net\/nordicgun_dahs4U\/asesepan-palvelut\/attachment\/palvelut7\/\" class=\"wp-image-486\" srcset=\"https:\/\/nordicgun.fi\/wp-content\/uploads\/2020\/11\/palvelut7.jpg 640w, https:\/\/nordicgun.fi\/wp-content\/uploads\/2020\/11\/palvelut7-16x12.jpg 16w, https:\/\/nordicgun.fi\/wp-content\/uploads\/2020\/11\/palvelut7-256x192.jpg 256w, https:\/\/nordicgun.fi\/wp-content\/uploads\/2020\/11\/palvelut7-378x284.jpg 378w\" sizes=\"auto, (max-width: 640px) 100vw, 640px\" \/><\/a><\/figure><\/li><li class=\"blocks-gallery-item\"><figure><a href=\"https:\/\/leskinen.net\/nordicgun_dahs4U\/wp-content\/uploads\/2020\/11\/palvelut8.jpg\"><img loading=\"lazy\" decoding=\"async\" width=\"640\" height=\"480\" src=\"https:\/\/leskinen.net\/nordicgun_dahs4U\/wp-content\/uploads\/2020\/11\/palvelut8.jpg\" alt=\"\" data-id=\"487\" data-full-url=\"https:\/\/leskinen.net\/nordicgun_dahs4U\/wp-content\/uploads\/2020\/11\/palvelut8.jpg\" data-link=\"https:\/\/leskinen.net\/nordicgun_dahs4U\/asesepan-palvelut\/attachment\/olympus-digital-camera-11\/\" class=\"wp-image-487\" srcset=\"https:\/\/nordicgun.fi\/wp-content\/uploads\/2020\/11\/palvelut8.jpg 640w, https:\/\/nordicgun.fi\/wp-content\/uploads\/2020\/11\/palvelut8-16x12.jpg 16w, https:\/\/nordicgun.fi\/wp-content\/uploads\/2020\/11\/palvelut8-256x192.jpg 256w, https:\/\/nordicgun.fi\/wp-content\/uploads\/2020\/11\/palvelut8-378x284.jpg 378w\" sizes=\"auto, (max-width: 640px) 100vw, 640px\" \/><\/a><\/figure><\/li><li class=\"blocks-gallery-item\"><figure><a href=\"https:\/\/leskinen.net\/nordicgun_dahs4U\/wp-content\/uploads\/2020\/11\/palvelut6.jpg\"><img loading=\"lazy\" decoding=\"async\" width=\"640\" height=\"480\" src=\"https:\/\/leskinen.net\/nordicgun_dahs4U\/wp-content\/uploads\/2020\/11\/palvelut6.jpg\" alt=\"\" data-id=\"485\" data-full-url=\"https:\/\/leskinen.net\/nordicgun_dahs4U\/wp-content\/uploads\/2020\/11\/palvelut6.jpg\" data-link=\"https:\/\/leskinen.net\/nordicgun_dahs4U\/asesepan-palvelut\/attachment\/olympus-digital-camera-10\/\" class=\"wp-image-485\" srcset=\"https:\/\/nordicgun.fi\/wp-content\/uploads\/2020\/11\/palvelut6.jpg 640w, https:\/\/nordicgun.fi\/wp-content\/uploads\/2020\/11\/palvelut6-16x12.jpg 16w, https:\/\/nordicgun.fi\/wp-content\/uploads\/2020\/11\/palvelut6-256x192.jpg 256w, https:\/\/nordicgun.fi\/wp-content\/uploads\/2020\/11\/palvelut6-378x284.jpg 378w\" sizes=\"auto, (max-width: 640px) 100vw, 640px\" \/><\/a><\/figure><\/li><\/ul><\/figure>\n\n\n\n<figure class=\"wp-block-video aligncenter narrow-video\"><video autoplay controls loop muted src=\"https:\/\/nordicgun.fi\/wp-content\/uploads\/2022\/01\/VID-20220120-WA0001.mp4\"><\/video><\/figure>\n\n\n\n<h2 class=\"has-text-align-center wp-block-heading\">Jagdwaffen<\/h2>\n\n\n\n<p class=\"has-text-align-center\">Speziell die Wartung, die Reparatur, die Restaurierung, die Zielfernrohrmontierungen auf die Schwenk- und Einhakmontagen, die Umbearbeitung der Festchokes zu den Wechselchokes und der Laufwechsel an den Kipplaufwaffen.<\/p>\n\n\n\n<p class=\"has-text-align-center\">Fertigung der Repetiergewehre und der Blockb\u00fcchsen basiert an verschiedenen und fertigen Verschlu\u00dfsystemen.<\/p>\n\n\n\n<h2 class=\"has-text-align-center wp-block-heading\">Sportwaffen<\/h2>\n\n\n\n<p class=\"has-text-align-center\">Reparatur der Schrotflinten mit einem Kippverschlu\u00df.<\/p>\n\n\n\n<div class=\"wp-block-buttons is-content-justification-center is-layout-flex wp-block-buttons-is-layout-flex\">\n<div class=\"wp-block-button\"><a class=\"wp-block-button__link\" href=\"https:\/\/nordicgun.fi\/de\/yhteystiedot\/\">Kontaktanfrage<\/a><\/div>\n<\/div>\n\n\n\n<div class=\"wp-block-image\"><figure class=\"aligncenter size-full\"><img loading=\"lazy\" decoding=\"async\" width=\"1082\" height=\"960\" src=\"https:\/\/leskinen.net\/nordicgun_dahs4U\/wp-content\/uploads\/2020\/10\/nordicgun-kajmartiskainen.jpg\" alt=\"Kaj Martiskainen pajassa\" class=\"wp-image-470\" srcset=\"https:\/\/nordicgun.fi\/wp-content\/uploads\/2020\/10\/nordicgun-kajmartiskainen.jpg 1082w, https:\/\/nordicgun.fi\/wp-content\/uploads\/2020\/10\/nordicgun-kajmartiskainen-768x681.jpg 768w, https:\/\/nordicgun.fi\/wp-content\/uploads\/2020\/10\/nordicgun-kajmartiskainen-1024x909.jpg 1024w, https:\/\/nordicgun.fi\/wp-content\/uploads\/2020\/10\/nordicgun-kajmartiskainen-14x12.jpg 14w, https:\/\/nordicgun.fi\/wp-content\/uploads\/2020\/10\/nordicgun-kajmartiskainen-256x227.jpg 256w, https:\/\/nordicgun.fi\/wp-content\/uploads\/2020\/10\/nordicgun-kajmartiskainen-378x335.jpg 378w\" sizes=\"auto, (max-width: 1082px) 100vw, 1082px\" \/><figcaption>Kaj Martiskainen<\/figcaption><\/figure><\/div>","protected":false},"excerpt":{"rendered":"<p>Mets\u00e4stysaseiden huolto Urheiluaseiden huolto Aseiden korjaus ja entis\u00f6inti Varusteasennukset ja aseiden muutosty\u00f6t Mets\u00e4styskiv\u00e4\u00e4rien valmistus Mets\u00e4stysaseet Erityisesti taittuvien aseiden huolto, korjaus, entis\u00f6inti, kiikarin asennukset (k\u00e4\u00e4nt\u00f6- ja hakajalka), vaihtosupistaja-asennukset, piippujen vaihdot. Pultti- ja kiilalukkoisten aseiden&nbsp;valmistus johonkin valmiiseen sulkulaitteesen perustuen. Urheiluaseet Taittuvien haulikoiden korjaukset.<\/p>","protected":false},"author":1,"featured_media":0,"parent":0,"menu_order":0,"comment_status":"closed","ping_status":"closed","template":"","meta":{"footnotes":""},"class_list":["post-14","page","type-page","status-publish","hentry"],"_links":{"self":[{"href":"https:\/\/nordicgun.fi\/de\/wp-json\/wp\/v2\/pages\/14","targetHints":{"allow":["GET"]}}],"collection":[{"href":"https:\/\/nordicgun.fi\/de\/wp-json\/wp\/v2\/pages"}],"about":[{"href":"https:\/\/nordicgun.fi\/de\/wp-json\/wp\/v2\/types\/page"}],"author":[{"embeddable":true,"href":"https:\/\/nordicgun.fi\/de\/wp-json\/wp\/v2\/users\/1"}],"replies":[{"embeddable":true,"href":"https:\/\/nordicgun.fi\/de\/wp-json\/wp\/v2\/comments?post=14"}],"version-history":[{"count":28,"href":"https:\/\/nordicgun.fi\/de\/wp-json\/wp\/v2\/pages\/14\/revisions"}],"predecessor-version":[{"id":700,"href":"https:\/\/nordicgun.fi\/de\/wp-json\/wp\/v2\/pages\/14\/revisions\/700"}],"wp:attachment":[{"href":"https:\/\/nordicgun.fi\/de\/wp-json\/wp\/v2\/media?parent=14"}],"curies":[{"name":"wp","href":"https:\/\/api.w.org\/{rel}","templated":true}]}}