{"id":20,"date":"2020-09-13T05:41:47","date_gmt":"2020-09-13T05:41:47","guid":{"rendered":"https:\/\/www.leskinen.net\/nordicgun_dahs4U\/?page_id=20"},"modified":"2022-04-27T20:37:04","modified_gmt":"2022-04-27T18:37:04","slug":"kaj-martiskainen","status":"publish","type":"page","link":"https:\/\/nordicgun.fi\/de\/","title":{"rendered":"Startseite"},"content":{"rendered":"<div class=\"wp-block-columns is-layout-flex wp-container-core-columns-is-layout-9d6595d7 wp-block-columns-is-layout-flex\">\n<div class=\"wp-block-column is-layout-flow wp-block-column-is-layout-flow\">\n<div class=\"wp-block-cover is-light\"><span aria-hidden=\"true\" class=\"wp-block-cover__gradient-background has-background-dim\"><\/span><img loading=\"lazy\" decoding=\"async\" width=\"600\" height=\"400\" class=\"wp-block-cover__image-background wp-image-456\" alt=\"\" src=\"https:\/\/leskinen.net\/nordicgun_dahs4U\/wp-content\/uploads\/2020\/10\/nordicgun-pohjoista-asesepantyota-etusivu.jpg\" data-object-fit=\"cover\" srcset=\"https:\/\/nordicgun.fi\/wp-content\/uploads\/2020\/10\/nordicgun-pohjoista-asesepantyota-etusivu.jpg 600w, https:\/\/nordicgun.fi\/wp-content\/uploads\/2020\/10\/nordicgun-pohjoista-asesepantyota-etusivu-16x12.jpg 16w, https:\/\/nordicgun.fi\/wp-content\/uploads\/2020\/10\/nordicgun-pohjoista-asesepantyota-etusivu-256x171.jpg 256w, https:\/\/nordicgun.fi\/wp-content\/uploads\/2020\/10\/nordicgun-pohjoista-asesepantyota-etusivu-378x252.jpg 378w\" sizes=\"auto, (max-width: 600px) 100vw, 600px\" \/><div class=\"wp-block-cover__inner-container is-layout-flow wp-block-cover-is-layout-flow\">\n<h2 class=\"has-text-align-center has-white-color has-text-color wp-block-heading\"><a href=\"\/de\/pohjoista-asesepantyota\/\" data-type=\"page\">Die nordische B\u00fcchsenmacherkunst<\/a><\/h2>\n\n\n\n<div class=\"wp-block-buttons is-horizontal is-content-justification-center is-layout-flex wp-container-core-buttons-is-layout-499968f5 wp-block-buttons-is-layout-flex\">\n<div class=\"wp-block-button\"><a class=\"wp-block-button__link\" href=\"\/de\/pohjoista-asesepantyota\/\">Weitere Infos<\/a><\/div>\n<\/div>\n\n\n\n<p><\/p>\n<\/div><\/div>\n<\/div>\n\n\n\n<div class=\"wp-block-column is-layout-flow wp-block-column-is-layout-flow\">\n<div class=\"wp-block-cover\"><span aria-hidden=\"true\" class=\"has-background-dim-60 wp-block-cover__gradient-background has-background-dim\"><\/span><img loading=\"lazy\" decoding=\"async\" width=\"1200\" height=\"1200\" class=\"wp-block-cover__image-background wp-image-752\" alt=\"\" src=\"https:\/\/nordicgun.fi\/wp-content\/uploads\/2022\/04\/valm27.jpg\" style=\"object-position:51% 35%\" data-object-fit=\"cover\" data-object-position=\"51% 35%\" srcset=\"https:\/\/nordicgun.fi\/wp-content\/uploads\/2022\/04\/valm27.jpg 1200w, https:\/\/nordicgun.fi\/wp-content\/uploads\/2022\/04\/valm27-768x768.jpg 768w, https:\/\/nordicgun.fi\/wp-content\/uploads\/2022\/04\/valm27-1024x1024.jpg 1024w, https:\/\/nordicgun.fi\/wp-content\/uploads\/2022\/04\/valm27-150x150.jpg 150w, https:\/\/nordicgun.fi\/wp-content\/uploads\/2022\/04\/valm27-12x12.jpg 12w, https:\/\/nordicgun.fi\/wp-content\/uploads\/2022\/04\/valm27-256x256.jpg 256w, https:\/\/nordicgun.fi\/wp-content\/uploads\/2022\/04\/valm27-378x378.jpg 378w\" sizes=\"auto, (max-width: 1200px) 100vw, 1200px\" \/><div class=\"wp-block-cover__inner-container is-layout-flow wp-block-cover-is-layout-flow\">\n<h2 class=\"has-text-align-center has-white-color has-text-color wp-block-heading\"><a href=\"\/de\/aseiden-valmistus\/\" data-type=\"page\">Fertigung der Waffen<\/a><\/h2>\n\n\n\n<div class=\"wp-block-buttons is-horizontal is-content-justification-center is-layout-flex wp-container-core-buttons-is-layout-499968f5 wp-block-buttons-is-layout-flex\">\n<div class=\"wp-block-button\"><a class=\"wp-block-button__link\" href=\"\/de\/aseiden-valmistus\/\">Mehr<\/a><\/div>\n<\/div>\n\n\n\n<p><\/p>\n<\/div><\/div>\n<\/div>\n<\/div>\n\n\n\n<div class=\"wp-block-cover\"><span aria-hidden=\"true\" class=\"has-background-dim-80 wp-block-cover__gradient-background has-background-dim\"><\/span><img loading=\"lazy\" decoding=\"async\" width=\"1082\" height=\"656\" class=\"wp-block-cover__image-background wp-image-458\" alt=\"\" src=\"https:\/\/leskinen.net\/nordicgun_dahs4U\/wp-content\/uploads\/2020\/10\/nordicgun-kajmartiskainen-etusivu.jpg\" data-object-fit=\"cover\" srcset=\"https:\/\/nordicgun.fi\/wp-content\/uploads\/2020\/10\/nordicgun-kajmartiskainen-etusivu.jpg 1082w, https:\/\/nordicgun.fi\/wp-content\/uploads\/2020\/10\/nordicgun-kajmartiskainen-etusivu-768x466.jpg 768w, https:\/\/nordicgun.fi\/wp-content\/uploads\/2020\/10\/nordicgun-kajmartiskainen-etusivu-1024x621.jpg 1024w, https:\/\/nordicgun.fi\/wp-content\/uploads\/2020\/10\/nordicgun-kajmartiskainen-etusivu-16x10.jpg 16w, https:\/\/nordicgun.fi\/wp-content\/uploads\/2020\/10\/nordicgun-kajmartiskainen-etusivu-256x155.jpg 256w, https:\/\/nordicgun.fi\/wp-content\/uploads\/2020\/10\/nordicgun-kajmartiskainen-etusivu-378x229.jpg 378w\" sizes=\"auto, (max-width: 1082px) 100vw, 1082px\" \/><div class=\"wp-block-cover__inner-container is-layout-flow wp-block-cover-is-layout-flow\">\n<h2 class=\"has-text-align-center has-white-color has-text-color wp-block-heading\"><a href=\"\/de\/asesepan-palvelut\/\" data-type=\"page\">B\u00fcchsenmacher-Dienstleistungen<\/a><\/h2>\n\n\n\n<div class=\"wp-block-buttons is-horizontal is-content-justification-center is-layout-flex wp-container-core-buttons-is-layout-499968f5 wp-block-buttons-is-layout-flex\">\n<div class=\"wp-block-button\"><a class=\"wp-block-button__link\" href=\"\/de\/asesepan-palvelut\/\">Mehr<\/a><\/div>\n<\/div>\n\n\n\n<p><\/p>\n<\/div><\/div>\n\n\n\n<div style=\"aspect-ratio:unset;\" class=\"wp-block-cover is-light lc-behind\"><span aria-hidden=\"true\" class=\"has-background-dim-0 wp-block-cover__gradient-background has-background-dim\"><\/span><img loading=\"lazy\" decoding=\"async\" width=\"1600\" height=\"1155\" class=\"wp-block-cover__image-background wp-image-626\" alt=\"\" src=\"https:\/\/leskinen.net\/nordicgun_dahs4U\/wp-content\/uploads\/2020\/11\/nordicgun_jeffery_lc_behind.jpg\" style=\"object-position:100% 100%\" data-object-fit=\"cover\" data-object-position=\"100% 100%\" srcset=\"https:\/\/nordicgun.fi\/wp-content\/uploads\/2020\/11\/nordicgun_jeffery_lc_behind.jpg 1600w, https:\/\/nordicgun.fi\/wp-content\/uploads\/2020\/11\/nordicgun_jeffery_lc_behind-768x554.jpg 768w, https:\/\/nordicgun.fi\/wp-content\/uploads\/2020\/11\/nordicgun_jeffery_lc_behind-1024x739.jpg 1024w, https:\/\/nordicgun.fi\/wp-content\/uploads\/2020\/11\/nordicgun_jeffery_lc_behind-1536x1109.jpg 1536w, https:\/\/nordicgun.fi\/wp-content\/uploads\/2020\/11\/nordicgun_jeffery_lc_behind-16x12.jpg 16w, https:\/\/nordicgun.fi\/wp-content\/uploads\/2020\/11\/nordicgun_jeffery_lc_behind-256x185.jpg 256w, https:\/\/nordicgun.fi\/wp-content\/uploads\/2020\/11\/nordicgun_jeffery_lc_behind-378x273.jpg 378w\" sizes=\"auto, (max-width: 1600px) 100vw, 1600px\" \/><div class=\"wp-block-cover__inner-container is-layout-flow wp-block-cover-is-layout-flow\">\n<p class=\"has-text-align-center has-large-font-size\"><\/p>\n<\/div><\/div>\n\n\n\n<figure class=\"wp-block-pullquote\"><blockquote><p>Bei den Reparaturen und der Fertigung der Waffen in meiner eigenen B\u00fcchsenmacherei in Finnland bestrebe ich mich immer nach der optimalen technischen Qualit\u00e4t mit ihr natlos verbundenen, gr\u00fcndlich \u00fcberlegenem und zweckm\u00e4\u00dfigem Design und feiner Ausbearbeitung.<\/p><cite>Kaj Martiskainen<\/cite><\/blockquote><\/figure>\n\n\n\n<div class=\"wp-block-buttons is-horizontal is-content-justification-center is-layout-flex wp-container-core-buttons-is-layout-499968f5 wp-block-buttons-is-layout-flex\">\n<div class=\"wp-block-button\"><a class=\"wp-block-button__link\" href=\"https:\/\/nordicgun.fi\/de\/pohjoista-asesepantyota\/\">Weitere Infos<\/a><\/div>\n<\/div>","protected":false},"excerpt":{"rendered":"<p>Omassa yrityksess\u00e4ni Suomessa tavoittelen aina aseiden korjauksissa ja valmistuksessa optimaalista teknist\u00e4 laatua yhdistettyn\u00e4 saumattomasti loppuun saakka harkittuun ja tarkoituksenmukaiseen muotoiluun sek\u00e4 viimeistelyyn. Kaj Martiskainen<\/p>","protected":false},"author":1,"featured_media":0,"parent":0,"menu_order":0,"comment_status":"closed","ping_status":"closed","template":"","meta":{"footnotes":""},"class_list":["post-20","page","type-page","status-publish","hentry"],"_links":{"self":[{"href":"https:\/\/nordicgun.fi\/de\/wp-json\/wp\/v2\/pages\/20","targetHints":{"allow":["GET"]}}],"collection":[{"href":"https:\/\/nordicgun.fi\/de\/wp-json\/wp\/v2\/pages"}],"about":[{"href":"https:\/\/nordicgun.fi\/de\/wp-json\/wp\/v2\/types\/page"}],"author":[{"embeddable":true,"href":"https:\/\/nordicgun.fi\/de\/wp-json\/wp\/v2\/users\/1"}],"replies":[{"embeddable":true,"href":"https:\/\/nordicgun.fi\/de\/wp-json\/wp\/v2\/comments?post=20"}],"version-history":[{"count":44,"href":"https:\/\/nordicgun.fi\/de\/wp-json\/wp\/v2\/pages\/20\/revisions"}],"predecessor-version":[{"id":771,"href":"https:\/\/nordicgun.fi\/de\/wp-json\/wp\/v2\/pages\/20\/revisions\/771"}],"wp:attachment":[{"href":"https:\/\/nordicgun.fi\/de\/wp-json\/wp\/v2\/media?parent=20"}],"curies":[{"name":"wp","href":"https:\/\/api.w.org\/{rel}","templated":true}]}}