{"id":9,"date":"2020-09-13T05:38:29","date_gmt":"2020-09-13T05:38:29","guid":{"rendered":"https:\/\/www.leskinen.net\/nordicgun_dahs4U\/?page_id=9"},"modified":"2022-04-27T20:36:16","modified_gmt":"2022-04-27T18:36:16","slug":"pohjoista-asesepantyota","status":"publish","type":"page","link":"https:\/\/nordicgun.fi\/de\/nordische-buchsenmacherkunst\/","title":{"rendered":"Die nordische B\u00fcchsenmacherkunst"},"content":{"rendered":"<div class=\"wp-block-image\"><figure class=\"aligncenter size-large\"><img loading=\"lazy\" decoding=\"async\" width=\"1024\" height=\"683\" src=\"https:\/\/leskinen.net\/nordicgun_dahs4U\/wp-content\/uploads\/2020\/10\/nordicgun-pohjoista-asesepantyota-1024x683.jpg\" alt=\"\" class=\"wp-image-431\" srcset=\"https:\/\/nordicgun.fi\/wp-content\/uploads\/2020\/10\/nordicgun-pohjoista-asesepantyota-1024x683.jpg 1024w, https:\/\/nordicgun.fi\/wp-content\/uploads\/2020\/10\/nordicgun-pohjoista-asesepantyota-768x512.jpg 768w, https:\/\/nordicgun.fi\/wp-content\/uploads\/2020\/10\/nordicgun-pohjoista-asesepantyota-1536x1025.jpg 1536w, https:\/\/nordicgun.fi\/wp-content\/uploads\/2020\/10\/nordicgun-pohjoista-asesepantyota-2048x1366.jpg 2048w, https:\/\/nordicgun.fi\/wp-content\/uploads\/2020\/10\/nordicgun-pohjoista-asesepantyota-16x12.jpg 16w, https:\/\/nordicgun.fi\/wp-content\/uploads\/2020\/10\/nordicgun-pohjoista-asesepantyota-256x171.jpg 256w, https:\/\/nordicgun.fi\/wp-content\/uploads\/2020\/10\/nordicgun-pohjoista-asesepantyota-378x252.jpg 378w\" sizes=\"auto, (max-width: 1024px) 100vw, 1024px\" \/><\/figure><\/div>\n\n\n\n<p>Die Kultur entwickelt sich am besten, wenn verschiedene gut erwiesene Elemente aus anderen Kulturen vorbehaltslos in eine neue Umgebung nach den Anforderungen ihre Verh\u00e4ltnissen \u00fcbertragen werden.<\/p>\n\n\n\n<p class=\"has-drop-cap\">Die finnische B\u00fcchsenmacherkunst hat sich bis zu ihrem heutigen Stand haupts\u00e4chlich durch die praktischen Bed\u00fcrfnisse der J\u00e4ger und der Sportsch\u00fctzen entwickelt. Dabei soll man nicht zu erw\u00e4hnen vergessen, da\u00df das Pirschen schon lange das Hobby von allen Schichten des Volkes in Finnland ist, und hier wird es traditionell eher nach dem Fleisch als nach den Trofes gejagdt. Daher werden die Waffen hier vorzugsweise als eine Art von einem ordentlichen Werkzeug angesehen, was aber bei der Beurteilung der Qualit\u00e4t einer Waffe die wichtichste Hinsicht sein soll. Mir pers\u00f6nlich bedeutet jedoch die \u00c4sthetik auch sehr viel. Sie ist eine Zusammensetzung von sorgf\u00e4ltig ausgew\u00e4hlten Materialien, gr\u00fcndlich \u00fcberlegtem und zweckm\u00e4\u00dfigem Design ohne hochqualifizierte technische Verwirklichung jeder Einzelheit zu vergessen. F\u00fcr diesen Zweck habe ich f\u00fcr mich F\u00e4higkeiten und Wissen in Mitteleuropa durch die Ausbildung zum B\u00fcchsenmacher in Ferlach \u00d6sterreich 1993-1997 und durch meine Arbeit als B\u00fcchsenmacher bei Hartmann &amp; Wei\u00df in Hamburg Deutschland 1998-2001 erworben. <\/p>\n\n\n\n<div class=\"wp-block-image\"><figure class=\"aligncenter size-large is-resized\"><a href=\"\/de\/nordische-buchsenmacherkunst\/\"><img loading=\"lazy\" decoding=\"async\" src=\"https:\/\/leskinen.net\/nordicgun_dahs4U\/wp-content\/uploads\/2020\/11\/story-flags.png\" alt=\"\" class=\"wp-image-615\" width=\"105\" height=\"20\" srcset=\"https:\/\/nordicgun.fi\/wp-content\/uploads\/2020\/11\/story-flags.png 992w, https:\/\/nordicgun.fi\/wp-content\/uploads\/2020\/11\/story-flags-768x147.png 768w, https:\/\/nordicgun.fi\/wp-content\/uploads\/2020\/11\/story-flags-16x3.png 16w, https:\/\/nordicgun.fi\/wp-content\/uploads\/2020\/11\/story-flags-256x49.png 256w, https:\/\/nordicgun.fi\/wp-content\/uploads\/2020\/11\/story-flags-378x72.png 378w\" sizes=\"auto, (max-width: 105px) 100vw, 105px\" \/><\/a><\/figure><\/div>\n\n\n\n<p>Bei den Reparaturen und der Fertigung der Waffen in meiner eigenen B\u00fcchsenmacherei in Finnland bestrebe ich mich immer nach der optimalen technischen Qualit\u00e4t mit ihr natlos verbundenen, gr\u00fcndlich \u00fcberlegenem und zweckm\u00e4\u00dfigem Design und feiner Ausbearbeitung.<\/p>\n\n\n\n<figure class=\"wp-block-pullquote is-style-solid-color\"><blockquote><p>Die Kultur entwickelt sich am besten, wenn verschiedene gut erwiesene Elemente aus anderen Kulturen vorbehaltslos in eine neue Umgebung nach den Anforderungen ihre Verh\u00e4ltnissen \u00fcbertragen werden.<\/p><\/blockquote><\/figure>\n\n\n\n<figure class=\"wp-block-gallery aligncenter has-nested-images columns-2 wp-block-gallery-1 is-layout-flex wp-block-gallery-is-layout-flex\">\n<figure class=\"wp-block-image size-medium\"><a href=\"https:\/\/nordicgun.fi\/wp-content\/uploads\/2020\/11\/nordicgun-karhunkaato-web.jpg\"><img loading=\"lazy\" decoding=\"async\" width=\"570\" height=\"768\" data-id=\"536\" src=\"https:\/\/leskinen.net\/nordicgun_dahs4U\/wp-content\/uploads\/2020\/11\/nordicgun-karhunkaato-web-570x768.jpg\" alt=\"\" class=\"wp-image-536\" srcset=\"https:\/\/nordicgun.fi\/wp-content\/uploads\/2020\/11\/nordicgun-karhunkaato-web-570x768.jpg 570w, https:\/\/nordicgun.fi\/wp-content\/uploads\/2020\/11\/nordicgun-karhunkaato-web-760x1024.jpg 760w, https:\/\/nordicgun.fi\/wp-content\/uploads\/2020\/11\/nordicgun-karhunkaato-web-768x1035.jpg 768w, https:\/\/nordicgun.fi\/wp-content\/uploads\/2020\/11\/nordicgun-karhunkaato-web-9x12.jpg 9w, https:\/\/nordicgun.fi\/wp-content\/uploads\/2020\/11\/nordicgun-karhunkaato-web-190x256.jpg 190w, https:\/\/nordicgun.fi\/wp-content\/uploads\/2020\/11\/nordicgun-karhunkaato-web-280x378.jpg 280w, https:\/\/nordicgun.fi\/wp-content\/uploads\/2020\/11\/nordicgun-karhunkaato-web.jpg 813w\" sizes=\"auto, (max-width: 570px) 100vw, 570px\" \/><\/a><\/figure>\n\n\n\n<figure class=\"wp-block-image size-medium\"><a href=\"https:\/\/nordicgun.fi\/wp-content\/uploads\/2020\/11\/nordicgun-karhunkaato-niskalaukaus-web.jpg\"><img loading=\"lazy\" decoding=\"async\" width=\"568\" height=\"768\" data-id=\"537\" src=\"https:\/\/leskinen.net\/nordicgun_dahs4U\/wp-content\/uploads\/2020\/11\/nordicgun-karhunkaato-niskalaukaus-web-568x768.jpg\" alt=\"\" class=\"wp-image-537\" srcset=\"https:\/\/nordicgun.fi\/wp-content\/uploads\/2020\/11\/nordicgun-karhunkaato-niskalaukaus-web-568x768.jpg 568w, https:\/\/nordicgun.fi\/wp-content\/uploads\/2020\/11\/nordicgun-karhunkaato-niskalaukaus-web-758x1024.jpg 758w, https:\/\/nordicgun.fi\/wp-content\/uploads\/2020\/11\/nordicgun-karhunkaato-niskalaukaus-web-768x1038.jpg 768w, https:\/\/nordicgun.fi\/wp-content\/uploads\/2020\/11\/nordicgun-karhunkaato-niskalaukaus-web-9x12.jpg 9w, https:\/\/nordicgun.fi\/wp-content\/uploads\/2020\/11\/nordicgun-karhunkaato-niskalaukaus-web-189x256.jpg 189w, https:\/\/nordicgun.fi\/wp-content\/uploads\/2020\/11\/nordicgun-karhunkaato-niskalaukaus-web-280x378.jpg 280w, https:\/\/nordicgun.fi\/wp-content\/uploads\/2020\/11\/nordicgun-karhunkaato-niskalaukaus-web.jpg 808w\" sizes=\"auto, (max-width: 568px) 100vw, 568px\" \/><\/a><\/figure>\n\n\n\n<figure class=\"wp-block-image size-medium\"><a href=\"https:\/\/nordicgun.fi\/wp-content\/uploads\/2020\/11\/nordicgun-isoja-ja-pienia-metsastajia-web.jpg\"><img loading=\"lazy\" decoding=\"async\" width=\"768\" height=\"570\" data-id=\"538\" src=\"https:\/\/leskinen.net\/nordicgun_dahs4U\/wp-content\/uploads\/2020\/11\/nordicgun-isoja-ja-pienia-metsastajia-web-768x570.jpg\" alt=\"\" class=\"wp-image-538\" srcset=\"https:\/\/nordicgun.fi\/wp-content\/uploads\/2020\/11\/nordicgun-isoja-ja-pienia-metsastajia-web-768x570.jpg 768w, https:\/\/nordicgun.fi\/wp-content\/uploads\/2020\/11\/nordicgun-isoja-ja-pienia-metsastajia-web-1024x760.jpg 1024w, https:\/\/nordicgun.fi\/wp-content\/uploads\/2020\/11\/nordicgun-isoja-ja-pienia-metsastajia-web-16x12.jpg 16w, https:\/\/nordicgun.fi\/wp-content\/uploads\/2020\/11\/nordicgun-isoja-ja-pienia-metsastajia-web-256x190.jpg 256w, https:\/\/nordicgun.fi\/wp-content\/uploads\/2020\/11\/nordicgun-isoja-ja-pienia-metsastajia-web-378x280.jpg 378w, https:\/\/nordicgun.fi\/wp-content\/uploads\/2020\/11\/nordicgun-isoja-ja-pienia-metsastajia-web.jpg 1104w\" sizes=\"auto, (max-width: 768px) 100vw, 768px\" \/><\/a><\/figure>\n<\/figure>\n\n\n\n<div class=\"wp-block-columns is-layout-flex wp-container-core-columns-is-layout-9d6595d7 wp-block-columns-is-layout-flex\">\n<div class=\"wp-block-column is-layout-flow wp-block-column-is-layout-flow\">\n<div class=\"wp-block-cover\"><span aria-hidden=\"true\" class=\"has-background-dim-80 wp-block-cover__gradient-background has-background-dim\"><\/span><img loading=\"lazy\" decoding=\"async\" width=\"1082\" height=\"656\" class=\"wp-block-cover__image-background wp-image-458\" alt=\"\" src=\"https:\/\/leskinen.net\/nordicgun_dahs4U\/wp-content\/uploads\/2020\/10\/nordicgun-kajmartiskainen-etusivu.jpg\" data-object-fit=\"cover\" srcset=\"https:\/\/nordicgun.fi\/wp-content\/uploads\/2020\/10\/nordicgun-kajmartiskainen-etusivu.jpg 1082w, https:\/\/nordicgun.fi\/wp-content\/uploads\/2020\/10\/nordicgun-kajmartiskainen-etusivu-768x466.jpg 768w, https:\/\/nordicgun.fi\/wp-content\/uploads\/2020\/10\/nordicgun-kajmartiskainen-etusivu-1024x621.jpg 1024w, https:\/\/nordicgun.fi\/wp-content\/uploads\/2020\/10\/nordicgun-kajmartiskainen-etusivu-16x10.jpg 16w, https:\/\/nordicgun.fi\/wp-content\/uploads\/2020\/10\/nordicgun-kajmartiskainen-etusivu-256x155.jpg 256w, https:\/\/nordicgun.fi\/wp-content\/uploads\/2020\/10\/nordicgun-kajmartiskainen-etusivu-378x229.jpg 378w\" sizes=\"auto, (max-width: 1082px) 100vw, 1082px\" \/><div class=\"wp-block-cover__inner-container is-layout-flow wp-block-cover-is-layout-flow\">\n<h2 class=\"has-text-align-center has-white-color has-text-color wp-block-heading\" id=\"asesepan-palvelut\"><a href=\"\/de\/asesepan-palvelut\/\" data-type=\"page\">B\u00fcchsenmacher-Dienstleistungen<\/a><\/h2>\n\n\n\n<div class=\"wp-block-buttons is-content-justification-center is-layout-flex wp-container-core-buttons-is-layout-16018d1d wp-block-buttons-is-layout-flex\">\n<div class=\"wp-block-button\"><a class=\"wp-block-button__link\" href=\"\/de\/asesepan-palvelut\/\">Mehr<\/a><\/div>\n<\/div>\n\n\n\n<p><\/p>\n<\/div><\/div>\n<\/div>\n\n\n\n<div class=\"wp-block-column is-layout-flow wp-block-column-is-layout-flow\">\n<div class=\"wp-block-cover\"><span aria-hidden=\"true\" class=\"wp-block-cover__gradient-background has-background-dim\"><\/span><img loading=\"lazy\" decoding=\"async\" width=\"1024\" height=\"768\" class=\"wp-block-cover__image-background wp-image-756\" alt=\"\" src=\"https:\/\/nordicgun.fi\/wp-content\/uploads\/2022\/04\/valm36.jpg\" style=\"object-position:58% 38%\" data-object-fit=\"cover\" data-object-position=\"58% 38%\" srcset=\"https:\/\/nordicgun.fi\/wp-content\/uploads\/2022\/04\/valm36.jpg 1024w, https:\/\/nordicgun.fi\/wp-content\/uploads\/2022\/04\/valm36-768x576.jpg 768w, https:\/\/nordicgun.fi\/wp-content\/uploads\/2022\/04\/valm36-16x12.jpg 16w, https:\/\/nordicgun.fi\/wp-content\/uploads\/2022\/04\/valm36-256x192.jpg 256w, https:\/\/nordicgun.fi\/wp-content\/uploads\/2022\/04\/valm36-378x284.jpg 378w\" sizes=\"auto, (max-width: 1024px) 100vw, 1024px\" \/><div class=\"wp-block-cover__inner-container is-layout-flow wp-block-cover-is-layout-flow\">\n<h2 class=\"has-text-align-center has-white-color has-text-color wp-block-heading\" id=\"aseiden-valmistus\"><a href=\"\/de\/aseiden-valmistus\/\" data-type=\"page\">Fertigung der Waffen<\/a><\/h2>\n\n\n\n<div class=\"wp-block-buttons is-content-justification-center is-layout-flex wp-container-core-buttons-is-layout-16018d1d wp-block-buttons-is-layout-flex\">\n<div class=\"wp-block-button\"><a class=\"wp-block-button__link\" href=\"\/de\/aseiden-valmistus\/\">Mehr<\/a><\/div>\n<\/div>\n\n\n\n<p><\/p>\n<\/div><\/div>\n<\/div>\n<\/div>\n\n\n\n<p><\/p>","protected":false},"excerpt":{"rendered":"<p>Kulttuuri kehittyy parhaiten, kun erilaisia hyviksi havaittuja aineksia muista kulttuureista sovelletaan ennakkoluulottomasti uudessa ymp\u00e4rist\u00f6ss\u00e4 sen olosuhteiden vaatimusten mukaan. T\u00e4ll\u00e4 tavalla my\u00f6s pohjoinen k\u00e4sity\u00f6kulttuuri on mahdollista s\u00e4ilytt\u00e4\u00e4 elinvoimaisena ja kehittyv\u00e4n\u00e4. Suomalainen asek\u00e4sity\u00f6 on kehittynyt nykyisenlaiseksi paljolti mets\u00e4st\u00e4jien ja urheiluampujien k\u00e4yt\u00e4nn\u00f6n tarpeiden mukaan. Siksi ase onkin mielletty p\u00e4\u00e4asiassa er\u00e4\u00e4nlaiseksi ty\u00f6kaluksi, mik\u00e4 onkin asetta arvioitaessa t\u00e4rkein n\u00e4k\u00f6kulma. Minulle [&hellip;]<\/p>\n","protected":false},"author":1,"featured_media":0,"parent":0,"menu_order":0,"comment_status":"closed","ping_status":"closed","template":"","meta":{"footnotes":""},"class_list":["post-9","page","type-page","status-publish","hentry"],"_links":{"self":[{"href":"https:\/\/nordicgun.fi\/de\/wp-json\/wp\/v2\/pages\/9","targetHints":{"allow":["GET"]}}],"collection":[{"href":"https:\/\/nordicgun.fi\/de\/wp-json\/wp\/v2\/pages"}],"about":[{"href":"https:\/\/nordicgun.fi\/de\/wp-json\/wp\/v2\/types\/page"}],"author":[{"embeddable":true,"href":"https:\/\/nordicgun.fi\/de\/wp-json\/wp\/v2\/users\/1"}],"replies":[{"embeddable":true,"href":"https:\/\/nordicgun.fi\/de\/wp-json\/wp\/v2\/comments?post=9"}],"version-history":[{"count":35,"href":"https:\/\/nordicgun.fi\/de\/wp-json\/wp\/v2\/pages\/9\/revisions"}],"predecessor-version":[{"id":770,"href":"https:\/\/nordicgun.fi\/de\/wp-json\/wp\/v2\/pages\/9\/revisions\/770"}],"wp:attachment":[{"href":"https:\/\/nordicgun.fi\/de\/wp-json\/wp\/v2\/media?parent=9"}],"curies":[{"name":"wp","href":"https:\/\/api.w.org\/{rel}","templated":true}]}}